{"id":3103,"date":"2020-03-27T18:22:55","date_gmt":"2020-03-27T17:22:55","guid":{"rendered":"https:\/\/www.edilaosta.it\/espace-dexposition\/"},"modified":"2022-03-29T08:53:39","modified_gmt":"2022-03-29T06:53:39","slug":"espace-dexposition","status":"publish","type":"page","link":"https:\/\/www.edilaosta.it\/fr\/espace-dexposition\/","title":{"rendered":"Espace d\u2019exposition"},"content":{"rendered":"<p>[et_pb_section fb_built=\u00a0\u00bb1&Prime; _builder_version=\u00a0\u00bb3.25.4&Prime; custom_padding=\u00a0\u00bb0px||0px|||\u00a0\u00bb][et_pb_row _builder_version=\u00a0\u00bb3.29.3&Prime; max_width=\u00a0\u00bb700px\u00a0\u00bb min_height=\u00a0\u00bb159px\u00a0\u00bb custom_padding=\u00a0\u00bb50px||35px||false|false\u00a0\u00bb][et_pb_column type=\u00a0\u00bb4_4&Prime; _builder_version=\u00a0\u00bb3.26.3&Prime;][et_pb_text admin_label=\u00a0\u00bbPensare, costruire, personalizzare la tua casa.\u00a0\u00bb _builder_version=\u00a0\u00bb3.29.3&Prime; text_font=\u00a0\u00bbPT Sans||||||||\u00a0\u00bb text_text_color=\u00a0\u00bb#000000&Prime; text_font_size=\u00a0\u00bb18px\u00a0\u00bb]<\/p>\n<h1 style=\"text-align: center;\">L\u2019espace d\u2019exposition de Edilaosta<\/h1>\n<p>[\/et_pb_text][et_pb_text _builder_version=\u00a0\u00bb4.0.8&Prime; text_font=\u00a0\u00bbPT Sans||||||||\u00a0\u00bb text_font_size=\u00a0\u00bb18px\u00a0\u00bb max_width=\u00a0\u00bb800px\u00a0\u00bb module_alignment=\u00a0\u00bbcenter\u00a0\u00bb min_height=\u00a0\u00bb119px\u00a0\u00bb custom_margin=\u00a0\u00bb40px||||false|false\u00a0\u00bb custom_padding=\u00a0\u00bb||0px|||\u00a0\u00bb]<\/p>\n<p style=\"text-align: center;\">Un espace de cr\u00e9ativit\u00e9, de d\u00e9couverte et de charme \u00e0 votre disposition.<\/p>\n<p>[\/et_pb_text][\/et_pb_column][\/et_pb_row][\/et_pb_section][et_pb_section fb_built=\u00a0\u00bb1&Prime; _builder_version=\u00a0\u00bb3.25.4&Prime; background_image=\u00a0\u00bbhttps:\/\/www.edilaosta.it\/wp-content\/uploads\/2019\/07\/background-edilaosta.jpg\u00a0\u00bb custom_padding=\u00a0\u00bb0px||0px|||\u00a0\u00bb][et_pb_row column_structure=\u00a0\u00bb1_2,1_2&Prime; _builder_version=\u00a0\u00bb3.25.4&Prime; custom_padding=\u00a0\u00bb0px||0px|||\u00a0\u00bb][et_pb_column type=\u00a0\u00bb1_2&Prime; _builder_version=\u00a0\u00bb3.25.4&Prime;][et_pb_image src=\u00a0\u00bbhttps:\/\/www.edilaosta.it\/wp-content\/uploads\/2022\/03\/lo-showroom.jpg\u00a0\u00bb alt=\u00a0\u00bbProject Edilaosta\u00a0\u00bb title_text=\u00a0\u00bblo-showroom\u00a0\u00bb _builder_version=\u00a0\u00bb4.9.0&Prime; max_width=\u00a0\u00bb500px\u00a0\u00bb module_alignment=\u00a0\u00bbright\u00a0\u00bb][\/et_pb_image][\/et_pb_column][et_pb_column type=\u00a0\u00bb1_2&Prime; _builder_version=\u00a0\u00bb3.25.4&Prime;][et_pb_text admin_label=\u00a0\u00bbPersonalizzazioni\u00a0\u00bb _builder_version=\u00a0\u00bb3.29.3&Prime; custom_margin=\u00a0\u00bb35px||\u00a0\u00bb]<\/p>\n<h2 style=\"text-align: left;\">Espaces<br \/>\ncr\u00e9atifs<\/h2>\n<p>[\/et_pb_text][et_pb_text admin_label=\u00a0\u00bbScopri la possibilit\u00e0 di personalizzare ogni &#8230;\u00a0\u00bb _builder_version=\u00a0\u00bb3.29.3&Prime; text_font=\u00a0\u00bbPT Sans||||||||\u00a0\u00bb text_text_color=\u00a0\u00bb#000000&Prime; text_font_size=\u00a0\u00bb18px\u00a0\u00bb]Un lieu inattendu<br \/>\no\u00f9 trouver les mat\u00e9riaux<br \/>\npour personnaliser et am\u00e9nager<br \/>\nvotre maison.[\/et_pb_text][et_pb_divider _builder_version=\u00a0\u00bb3.25.4&Prime; max_width=\u00a0\u00bb300px\u00a0\u00bb module_alignment=\u00a0\u00bbleft\u00a0\u00bb custom_margin=\u00a0\u00bb||10px\u00a0\u00bb locked=\u00a0\u00bbon\u00a0\u00bb]<br \/>\n[\/et_pb_divider][et_pb_text _builder_version=\u00a0\u00bb3.29.3&Prime; max_width=\u00a0\u00bb300px\u00a0\u00bb custom_margin=\u00a0\u00bb||\u00a0\u00bb]Le plaisir de caresser les mat\u00e9riaux, d\u2019en \u00e9valuer les fines variantes de couleur \u00e0 la lumi\u00e8re, de choisir parmi les diff\u00e9rentes propositions de design contemporain et de grand effet<\/p>\n<p>Notre espace d\u2019exposition est tout ceci \u00e0 la fois, un lieu o\u00f9 se perdre \u00e0 la recherche de la beaut\u00e9.[\/et_pb_text][\/et_pb_column][\/et_pb_row][et_pb_row _builder_version=\u00a0\u00bb4.0.2&Prime; custom_padding=\u00a0\u00bb90px||45px||false|\u00a0\u00bb][et_pb_column type=\u00a0\u00bb4_4&Prime; _builder_version=\u00a0\u00bb4.0.2&Prime;][et_pb_text _builder_version=\u00a0\u00bb4.0.2&Prime;]<\/p>\n<h2 style=\"text-align: center;\">Un coup d\u2019\u0153il \u00e0 notre espace d\u2019exposition<\/h2>\n<p>[\/et_pb_text][\/et_pb_column][\/et_pb_row][\/et_pb_section][et_pb_section fb_built=\u00a0\u00bb1&Prime; _builder_version=\u00a0\u00bb4.0.7&Prime; custom_padding=\u00a0\u00bb0px||100px|||\u00a0\u00bb][et_pb_row _builder_version=\u00a0\u00bb4.0.7&Prime; custom_padding=\u00a0\u00bb0px||0px|||\u00a0\u00bb][et_pb_column type=\u00a0\u00bb4_4&Prime; _builder_version=\u00a0\u00bb4.0.7&Prime;][et_pb_gallery fullwidth=\u00a0\u00bbon\u00a0\u00bb _builder_version=\u00a0\u00bb4.9.0&Prime; auto=\u00a0\u00bbon\u00a0\u00bb auto_speed=\u00a0\u00bb3000&Prime; hover_enabled=\u00a0\u00bb0&Prime; gallery_ids=\u00a0\u00bb3501,3505,3507,3509,3511,3513,3515,3517,3519&Prime; sticky_enabled=\u00a0\u00bb0&Prime;][\/et_pb_gallery][\/et_pb_column][\/et_pb_row][\/et_pb_section]<\/p>\n","protected":false},"excerpt":{"rendered":"<p>L\u2019espace d\u2019exposition de EdilaostaUn espace de cr\u00e9ativit\u00e9, de d\u00e9couverte et de charme \u00e0 votre disposition.Espaces cr\u00e9atifsUn lieu inattendu o\u00f9 trouver les mat\u00e9riaux pour personnaliser et am\u00e9nager votre maison. Le plaisir de caresser les mat\u00e9riaux, d\u2019en \u00e9valuer les fines variantes de couleur \u00e0 la lumi\u00e8re, de choisir parmi les diff\u00e9rentes propositions de design contemporain et de [&hellip;]<\/p>\n","protected":false},"author":1,"featured_media":0,"parent":0,"menu_order":14,"comment_status":"closed","ping_status":"closed","template":"","meta":{"_et_pb_use_builder":"on","_et_pb_old_content":"","_et_gb_content_width":"","footnotes":""},"class_list":["post-3103","page","type-page","status-publish","hentry"],"yoast_head":"<!-- This site is optimized with the Yoast SEO plugin v27.3 - https:\/\/yoast.com\/product\/yoast-seo-wordpress\/ -->\n<title>Espace d\u2019exposition - Vall\u00e9e d&#039;Aoste<\/title>\n<meta name=\"description\" content=\"Lo showroom, uno spazio di creativit\u00e0, scoperta e fascino a tua disposizione. Un luogo inaspettato dove trovare i materiali per personalizzare casa.\" \/>\n<meta name=\"robots\" content=\"index, follow, max-snippet:-1, max-image-preview:large, max-video-preview:-1\" \/>\n<link rel=\"canonical\" href=\"https:\/\/www.edilaosta.it\/fr\/espace-dexposition\/\" \/>\n<meta property=\"og:locale\" content=\"fr_FR\" \/>\n<meta property=\"og:type\" content=\"article\" \/>\n<meta property=\"og:title\" content=\"Espace d\u2019exposition - Vall\u00e9e d&#039;Aoste\" \/>\n<meta property=\"og:description\" content=\"Lo showroom, uno spazio di creativit\u00e0, scoperta e fascino a tua disposizione. Un luogo inaspettato dove trovare i materiali per personalizzare casa.\" \/>\n<meta property=\"og:url\" content=\"https:\/\/www.edilaosta.it\/fr\/espace-dexposition\/\" \/>\n<meta property=\"og:site_name\" content=\"EdilAosta\" \/>\n<meta property=\"article:modified_time\" content=\"2022-03-29T06:53:39+00:00\" \/>\n<meta name=\"twitter:card\" content=\"summary_large_image\" \/>\n<meta name=\"twitter:label1\" content=\"Dur\u00e9e de lecture estim\u00e9e\" \/>\n\t<meta name=\"twitter:data1\" content=\"2 minutes\" \/>\n<script type=\"application\/ld+json\" class=\"yoast-schema-graph\">{\"@context\":\"https:\\\/\\\/schema.org\",\"@graph\":[{\"@type\":\"WebPage\",\"@id\":\"https:\\\/\\\/www.edilaosta.it\\\/fr\\\/espace-dexposition\\\/\",\"url\":\"https:\\\/\\\/www.edilaosta.it\\\/fr\\\/espace-dexposition\\\/\",\"name\":\"Espace d\u2019exposition - Vall\u00e9e d'Aoste\",\"isPartOf\":{\"@id\":\"https:\\\/\\\/www.edilaosta.it\\\/fr\\\/#website\"},\"datePublished\":\"2020-03-27T17:22:55+00:00\",\"dateModified\":\"2022-03-29T06:53:39+00:00\",\"description\":\"Lo showroom, uno spazio di creativit\u00e0, scoperta e fascino a tua disposizione. Un luogo inaspettato dove trovare i materiali per personalizzare casa.\",\"breadcrumb\":{\"@id\":\"https:\\\/\\\/www.edilaosta.it\\\/fr\\\/espace-dexposition\\\/#breadcrumb\"},\"inLanguage\":\"fr-FR\",\"potentialAction\":[{\"@type\":\"ReadAction\",\"target\":[\"https:\\\/\\\/www.edilaosta.it\\\/fr\\\/espace-dexposition\\\/\"]}]},{\"@type\":\"BreadcrumbList\",\"@id\":\"https:\\\/\\\/www.edilaosta.it\\\/fr\\\/espace-dexposition\\\/#breadcrumb\",\"itemListElement\":[{\"@type\":\"ListItem\",\"position\":1,\"name\":\"Home\",\"item\":\"https:\\\/\\\/www.edilaosta.it\\\/fr\\\/\"},{\"@type\":\"ListItem\",\"position\":2,\"name\":\"Espace d\u2019exposition\"}]},{\"@type\":\"WebSite\",\"@id\":\"https:\\\/\\\/www.edilaosta.it\\\/fr\\\/#website\",\"url\":\"https:\\\/\\\/www.edilaosta.it\\\/fr\\\/\",\"name\":\"EdilAosta\",\"description\":\"Costruzioni in Valle d&#039;Aosta\",\"publisher\":{\"@id\":\"https:\\\/\\\/www.edilaosta.it\\\/fr\\\/#organization\"},\"potentialAction\":[{\"@type\":\"SearchAction\",\"target\":{\"@type\":\"EntryPoint\",\"urlTemplate\":\"https:\\\/\\\/www.edilaosta.it\\\/fr\\\/?s={search_term_string}\"},\"query-input\":{\"@type\":\"PropertyValueSpecification\",\"valueRequired\":true,\"valueName\":\"search_term_string\"}}],\"inLanguage\":\"fr-FR\"},{\"@type\":\"Organization\",\"@id\":\"https:\\\/\\\/www.edilaosta.it\\\/fr\\\/#organization\",\"name\":\"Edilaosta\",\"url\":\"https:\\\/\\\/www.edilaosta.it\\\/fr\\\/\",\"logo\":{\"@type\":\"ImageObject\",\"inLanguage\":\"fr-FR\",\"@id\":\"https:\\\/\\\/www.edilaosta.it\\\/fr\\\/#\\\/schema\\\/logo\\\/image\\\/\",\"url\":\"https:\\\/\\\/www.edilaosta.it\\\/wp-content\\\/uploads\\\/2019\\\/10\\\/logo-edilaosta-bigmat.png\",\"contentUrl\":\"https:\\\/\\\/www.edilaosta.it\\\/wp-content\\\/uploads\\\/2019\\\/10\\\/logo-edilaosta-bigmat.png\",\"width\":691,\"height\":185,\"caption\":\"Edilaosta\"},\"image\":{\"@id\":\"https:\\\/\\\/www.edilaosta.it\\\/fr\\\/#\\\/schema\\\/logo\\\/image\\\/\"}}]}<\/script>\n<!-- \/ Yoast SEO plugin. -->","yoast_head_json":{"title":"Espace d\u2019exposition - Vall\u00e9e d'Aoste","description":"Lo showroom, uno spazio di creativit\u00e0, scoperta e fascino a tua disposizione. Un luogo inaspettato dove trovare i materiali per personalizzare casa.","robots":{"index":"index","follow":"follow","max-snippet":"max-snippet:-1","max-image-preview":"max-image-preview:large","max-video-preview":"max-video-preview:-1"},"canonical":"https:\/\/www.edilaosta.it\/fr\/espace-dexposition\/","og_locale":"fr_FR","og_type":"article","og_title":"Espace d\u2019exposition - Vall\u00e9e d'Aoste","og_description":"Lo showroom, uno spazio di creativit\u00e0, scoperta e fascino a tua disposizione. Un luogo inaspettato dove trovare i materiali per personalizzare casa.","og_url":"https:\/\/www.edilaosta.it\/fr\/espace-dexposition\/","og_site_name":"EdilAosta","article_modified_time":"2022-03-29T06:53:39+00:00","twitter_card":"summary_large_image","twitter_misc":{"Dur\u00e9e de lecture estim\u00e9e":"2 minutes"},"schema":{"@context":"https:\/\/schema.org","@graph":[{"@type":"WebPage","@id":"https:\/\/www.edilaosta.it\/fr\/espace-dexposition\/","url":"https:\/\/www.edilaosta.it\/fr\/espace-dexposition\/","name":"Espace d\u2019exposition - Vall\u00e9e d'Aoste","isPartOf":{"@id":"https:\/\/www.edilaosta.it\/fr\/#website"},"datePublished":"2020-03-27T17:22:55+00:00","dateModified":"2022-03-29T06:53:39+00:00","description":"Lo showroom, uno spazio di creativit\u00e0, scoperta e fascino a tua disposizione. Un luogo inaspettato dove trovare i materiali per personalizzare casa.","breadcrumb":{"@id":"https:\/\/www.edilaosta.it\/fr\/espace-dexposition\/#breadcrumb"},"inLanguage":"fr-FR","potentialAction":[{"@type":"ReadAction","target":["https:\/\/www.edilaosta.it\/fr\/espace-dexposition\/"]}]},{"@type":"BreadcrumbList","@id":"https:\/\/www.edilaosta.it\/fr\/espace-dexposition\/#breadcrumb","itemListElement":[{"@type":"ListItem","position":1,"name":"Home","item":"https:\/\/www.edilaosta.it\/fr\/"},{"@type":"ListItem","position":2,"name":"Espace d\u2019exposition"}]},{"@type":"WebSite","@id":"https:\/\/www.edilaosta.it\/fr\/#website","url":"https:\/\/www.edilaosta.it\/fr\/","name":"EdilAosta","description":"Costruzioni in Valle d&#039;Aosta","publisher":{"@id":"https:\/\/www.edilaosta.it\/fr\/#organization"},"potentialAction":[{"@type":"SearchAction","target":{"@type":"EntryPoint","urlTemplate":"https:\/\/www.edilaosta.it\/fr\/?s={search_term_string}"},"query-input":{"@type":"PropertyValueSpecification","valueRequired":true,"valueName":"search_term_string"}}],"inLanguage":"fr-FR"},{"@type":"Organization","@id":"https:\/\/www.edilaosta.it\/fr\/#organization","name":"Edilaosta","url":"https:\/\/www.edilaosta.it\/fr\/","logo":{"@type":"ImageObject","inLanguage":"fr-FR","@id":"https:\/\/www.edilaosta.it\/fr\/#\/schema\/logo\/image\/","url":"https:\/\/www.edilaosta.it\/wp-content\/uploads\/2019\/10\/logo-edilaosta-bigmat.png","contentUrl":"https:\/\/www.edilaosta.it\/wp-content\/uploads\/2019\/10\/logo-edilaosta-bigmat.png","width":691,"height":185,"caption":"Edilaosta"},"image":{"@id":"https:\/\/www.edilaosta.it\/fr\/#\/schema\/logo\/image\/"}}]}},"_links":{"self":[{"href":"https:\/\/www.edilaosta.it\/fr\/wp-json\/wp\/v2\/pages\/3103","targetHints":{"allow":["GET"]}}],"collection":[{"href":"https:\/\/www.edilaosta.it\/fr\/wp-json\/wp\/v2\/pages"}],"about":[{"href":"https:\/\/www.edilaosta.it\/fr\/wp-json\/wp\/v2\/types\/page"}],"author":[{"embeddable":true,"href":"https:\/\/www.edilaosta.it\/fr\/wp-json\/wp\/v2\/users\/1"}],"replies":[{"embeddable":true,"href":"https:\/\/www.edilaosta.it\/fr\/wp-json\/wp\/v2\/comments?post=3103"}],"version-history":[{"count":5,"href":"https:\/\/www.edilaosta.it\/fr\/wp-json\/wp\/v2\/pages\/3103\/revisions"}],"predecessor-version":[{"id":3524,"href":"https:\/\/www.edilaosta.it\/fr\/wp-json\/wp\/v2\/pages\/3103\/revisions\/3524"}],"wp:attachment":[{"href":"https:\/\/www.edilaosta.it\/fr\/wp-json\/wp\/v2\/media?parent=3103"}],"curies":[{"name":"wp","href":"https:\/\/api.w.org\/{rel}","templated":true}]}}