{"id":3095,"date":"2020-03-27T18:14:06","date_gmt":"2020-03-27T17:14:06","guid":{"rendered":"https:\/\/www.edilaosta.it\/edilaosta\/"},"modified":"2022-03-29T08:37:36","modified_gmt":"2022-03-29T06:37:36","slug":"edilaosta","status":"publish","type":"page","link":"https:\/\/www.edilaosta.it\/fr\/edilaosta\/","title":{"rendered":"EdilAosta"},"content":{"rendered":"<p>[et_pb_section fb_built=\u00a0\u00bb1&Prime; _builder_version=\u00a0\u00bb4.0.8&Prime; custom_padding=\u00a0\u00bb90px||90px||true|\u00a0\u00bb][et_pb_row _builder_version=\u00a0\u00bb4.0.8&Prime; custom_padding=\u00a0\u00bb0px||0px|||\u00a0\u00bb][et_pb_column type=\u00a0\u00bb4_4&Prime; _builder_version=\u00a0\u00bb4.0.8&Prime;][et_pb_text _builder_version=\u00a0\u00bb4.0.8&Prime;]<\/p>\n<h1 style=\"text-align: center;\">EdilAosta<\/h1>\n<p>[\/et_pb_text][\/et_pb_column][\/et_pb_row][et_pb_row _builder_version=\u00a0\u00bb4.0.8&Prime; custom_padding=\u00a0\u00bb||0px|||\u00a0\u00bb][et_pb_column type=\u00a0\u00bb4_4&Prime; _builder_version=\u00a0\u00bb4.0.8&Prime;][et_pb_image src=\u00a0\u00bbhttps:\/\/www.edilaosta.it\/wp-content\/uploads\/2019\/10\/EDILAOSTA_fildiferro_white_D.jpg\u00a0\u00bb align=\u00a0\u00bbcenter\u00a0\u00bb _builder_version=\u00a0\u00bb4.0.8&Prime;][\/et_pb_image][\/et_pb_column][\/et_pb_row][et_pb_row _builder_version=\u00a0\u00bb4.0.8&Prime;][et_pb_column type=\u00a0\u00bb4_4&Prime; _builder_version=\u00a0\u00bb4.0.8&Prime;][et_pb_text _builder_version=\u00a0\u00bb4.0.8&Prime; custom_padding=\u00a0\u00bb||||false|false\u00a0\u00bb]<\/p>\n<p style=\"text-align: center;\">Nous fournissons aux particuliers, aux artisans, aux concepteurs et aux entreprises toutes les solutions pour la construction.<\/p>\n<p>[\/et_pb_text][\/et_pb_column][\/et_pb_row][\/et_pb_section][et_pb_section fb_built=\u00a0\u00bb1&Prime; custom_padding_last_edited=\u00a0\u00bbon|tablet\u00a0\u00bb module_id=\u00a0\u00bbsezione-editoriale\u00a0\u00bb module_class=\u00a0\u00bbsezione-editoriale\u00a0\u00bb _builder_version=\u00a0\u00bb3.29.3&Prime; custom_padding=\u00a0\u00bb0px||0px|||\u00a0\u00bb custom_padding_tablet=\u00a0\u00bb||60px||false|false\u00a0\u00bb custom_padding_phone=\u00a0\u00bb\u00a0\u00bb][et_pb_row column_structure=\u00a0\u00bb1_2,1_2&Prime; use_custom_gutter=\u00a0\u00bbon\u00a0\u00bb module_id=\u00a0\u00bbbox-esterno-1&Prime; _builder_version=\u00a0\u00bb3.29.3&Prime; max_width=\u00a0\u00bb950px\u00a0\u00bb custom_padding=\u00a0\u00bb0px||80px|||\u00a0\u00bb][et_pb_column type=\u00a0\u00bb1_2&Prime; _builder_version=\u00a0\u00bb3.26.3&Prime;][et_pb_text admin_label=\u00a0\u00bbPer un risultato pulito ed efficace\u00a0\u00bb _builder_version=\u00a0\u00bb4.0.2&Prime; custom_margin=\u00a0\u00bb0px||||false|false\u00a0\u00bb]<\/p>\n<h2 style=\"text-align: left;\">L\u2019\u00e9quipe<br \/>\net notre histoire<\/h2>\n<p>[\/et_pb_text][et_pb_text _builder_version=\u00a0\u00bb4.0.7&Prime; text_font=\u00a0\u00bbPT Sans||||||||\u00a0\u00bb text_text_color=\u00a0\u00bb#000000&Prime; text_font_size=\u00a0\u00bb18px\u00a0\u00bb max_width=\u00a0\u00bb300px\u00a0\u00bb]Nous sommes un groupes d\u2019entrepreneurs en activit\u00e9 dans le secteur depuis les ann\u00e9es 50. Nous recherchons des mat\u00e9riaux innovateurs et de qualit\u00e9 afin de vous proposer les meilleures solutions pour r\u00e9aliser vos projets.[\/et_pb_text][et_pb_divider _builder_version=\u00a0\u00bb3.25.4&Prime; max_width=\u00a0\u00bb300px\u00a0\u00bb module_alignment=\u00a0\u00bbleft\u00a0\u00bb custom_margin=\u00a0\u00bb||10px\u00a0\u00bb locked=\u00a0\u00bboff\u00a0\u00bb]<br \/>\n[\/et_pb_divider][\/et_pb_column][et_pb_column type=\u00a0\u00bb1_2&Prime; _builder_version=\u00a0\u00bb3.26.3&Prime;][et_pb_text _builder_version=\u00a0\u00bb4.0.7&Prime; max_width=\u00a0\u00bb300px\u00a0\u00bb custom_margin=\u00a0\u00bb||\u00a0\u00bb]Edilaosta est n\u00e9e en 1987 dans le but de devenir un point de r\u00e9f\u00e9rence dans la fourniture de mat\u00e9riaux pour le b\u00e2timent aux entreprises, aux concepteurs, aux artisans et aux particuliers. Avec passion et comp\u00e9tence, nous continuons \u00e0 rechercher les meilleurs produits offerts sur le march\u00e9 du b\u00e2timent.[\/et_pb_text][\/et_pb_column][\/et_pb_row][et_pb_row _builder_version=\u00a0\u00bb4.0.2&Prime; custom_padding=\u00a0\u00bb0px||0px||true|\u00a0\u00bb][et_pb_column type=\u00a0\u00bb4_4&Prime; _builder_version=\u00a0\u00bb4.0.2&Prime;][et_pb_code admin_label=\u00a0\u00bbMappa\u00a0\u00bb _builder_version=\u00a0\u00bb4.0.2&Prime;]<iframe loading=\"lazy\" style=\"border: 0;\" src=\"https:\/\/www.google.com\/maps\/embed?pb=!1m18!1m12!1m3!1d2784.878506631471!2d7.312411868472481!3d45.73353125728741!2m3!1f0!2f0!3f0!3m2!1i1024!2i768!4f13.1!3m3!1m2!1s0x478920b8f979b4c3%3A0x8dd5363364bfe8a5!2sBigMat%20Edilaosta%20S.r.l.!5e0!3m2!1sit!2sit!4v1571638922469!5m2!1sit!2sit\" width=\"100%\" height=\"450\" frameborder=\"0\" allowfullscreen=\"allowfullscreen\"><\/iframe>[\/et_pb_code][\/et_pb_column][\/et_pb_row][et_pb_row column_structure=\u00a0\u00bb1_2,1_4,1_4&Prime; use_custom_gutter=\u00a0\u00bbon\u00a0\u00bb gutter_width=\u00a0\u00bb1&Prime; make_equal=\u00a0\u00bbon\u00a0\u00bb module_id=\u00a0\u00bbriga-immagini\u00a0\u00bb module_class=\u00a0\u00bbriga-immagini\u00a0\u00bb _builder_version=\u00a0\u00bb4.0.7&Prime; width=\u00a0\u00bb100%\u00a0\u00bb max_width=\u00a0\u00bb2560px\u00a0\u00bb custom_margin=\u00a0\u00bb100px|auto||auto|false|false\u00a0\u00bb custom_padding=\u00a0\u00bb0px||0px||true|false\u00a0\u00bb locked=\u00a0\u00bboff\u00a0\u00bb][et_pb_column type=\u00a0\u00bb1_2&Prime; _builder_version=\u00a0\u00bb4.0.7&Prime; background_image=\u00a0\u00bbhttps:\/\/www.edilaosta.it\/wp-content\/uploads\/2019\/12\/edilaosta-welcome-4.jpg\u00a0\u00bb custom_padding=\u00a0\u00bb300px||300px||true|false\u00a0\u00bb custom_padding_tablet=\u00a0\u00bb250px||250px||true|false\u00a0\u00bb custom_padding_phone=\u00a0\u00bb180px||180px||true|false\u00a0\u00bb custom_padding_last_edited=\u00a0\u00bbon|desktop\u00a0\u00bb border_width_right=\u00a0\u00bb5px\u00a0\u00bb border_color_right=\u00a0\u00bb#ffffff\u00a0\u00bb border_width_right_tablet=\u00a0\u00bb0px\u00a0\u00bb border_width_right_phone=\u00a0\u00bb\u00a0\u00bb border_width_right_last_edited=\u00a0\u00bbon|phone\u00a0\u00bb][et_pb_divider show_divider=\u00a0\u00bboff\u00a0\u00bb admin_label=\u00a0\u00bbImmagine da cambiare su modulo VERDE\u00a0\u00bb _builder_version=\u00a0\u00bb3.29.3&Prime; locked=\u00a0\u00bbon\u00a0\u00bb][\/et_pb_divider][\/et_pb_column][et_pb_column type=\u00a0\u00bb1_4&Prime; _builder_version=\u00a0\u00bb4.0.7&Prime; background_image=\u00a0\u00bbhttps:\/\/www.edilaosta.it\/wp-content\/uploads\/2019\/12\/edilaosta-welcome-2.jpg\u00a0\u00bb parallax=\u00a0\u00bbon\u00a0\u00bb custom_padding=\u00a0\u00bb300px||300px||true|false\u00a0\u00bb custom_padding_tablet=\u00a0\u00bb250px||250px||true|false\u00a0\u00bb custom_padding_phone=\u00a0\u00bb180px||180px||true|false\u00a0\u00bb custom_padding_last_edited=\u00a0\u00bbon|phone\u00a0\u00bb border_width_right=\u00a0\u00bb5px\u00a0\u00bb border_color_right=\u00a0\u00bb#ffffff\u00a0\u00bb border_width_right_tablet=\u00a0\u00bb0px\u00a0\u00bb border_width_right_phone=\u00a0\u00bb\u00a0\u00bb border_width_right_last_edited=\u00a0\u00bbon|phone\u00a0\u00bb][et_pb_divider show_divider=\u00a0\u00bboff\u00a0\u00bb admin_label=\u00a0\u00bbImmagine da cambiare su modulo VERDE\u00a0\u00bb _builder_version=\u00a0\u00bb3.29.3&Prime; locked=\u00a0\u00bbon\u00a0\u00bb][\/et_pb_divider][\/et_pb_column][et_pb_column type=\u00a0\u00bb1_4&Prime; _builder_version=\u00a0\u00bb4.0.7&Prime; background_image=\u00a0\u00bbhttps:\/\/www.edilaosta.it\/wp-content\/uploads\/2019\/12\/edilaosta-welcome-3.jpg\u00a0\u00bb custom_padding=\u00a0\u00bb300px||300px||true|false\u00a0\u00bb custom_padding_tablet=\u00a0\u00bb250px||250px||true|false\u00a0\u00bb custom_padding_phone=\u00a0\u00bb180px||180px||true|false\u00a0\u00bb custom_padding_last_edited=\u00a0\u00bbon|phone\u00a0\u00bb][et_pb_divider show_divider=\u00a0\u00bboff\u00a0\u00bb admin_label=\u00a0\u00bbImmagine da cambiare su modulo VERDE\u00a0\u00bb _builder_version=\u00a0\u00bb3.29.3&Prime; locked=\u00a0\u00bbon\u00a0\u00bb][\/et_pb_divider][\/et_pb_column][\/et_pb_row][\/et_pb_section][et_pb_section fb_built=\u00a0\u00bb1&Prime; custom_padding_last_edited=\u00a0\u00bbon|tablet\u00a0\u00bb disabled_on=\u00a0\u00bboff|off|off\u00a0\u00bb module_id=\u00a0\u00bbsezione-finale\u00a0\u00bb module_class=\u00a0\u00bbsezione-finale\u00a0\u00bb _builder_version=\u00a0\u00bb3.29.3&Prime; custom_padding=\u00a0\u00bb120px||120px||true|\u00a0\u00bb custom_padding_tablet=\u00a0\u00bb||60px||false|false\u00a0\u00bb custom_padding_phone=\u00a0\u00bb\u00a0\u00bb locked=\u00a0\u00bboff\u00a0\u00bb][et_pb_row column_structure=\u00a0\u00bb1_2,1_2&Prime; use_custom_gutter=\u00a0\u00bbon\u00a0\u00bb gutter_width=\u00a0\u00bb1&Prime; module_id=\u00a0\u00bbriga-finale\u00a0\u00bb module_class=\u00a0\u00bbriga-finale\u00a0\u00bb _builder_version=\u00a0\u00bb3.29.3&Prime; custom_padding=\u00a0\u00bb0px||0px|||\u00a0\u00bb][et_pb_column type=\u00a0\u00bb1_2&Prime; _builder_version=\u00a0\u00bb3.29.3&Prime; background_enable_color=\u00a0\u00bboff\u00a0\u00bb custom_padding=\u00a0\u00bb|50px||50px|true|true\u00a0\u00bb][et_pb_code admin_label=\u00a0\u00bbCF7&Prime; _builder_version=\u00a0\u00bb4.0.2&Prime;]\n<div class=\"wpcf7 no-js\" id=\"wpcf7-f1081-o1\" lang=\"it-IT\" dir=\"ltr\" data-wpcf7-id=\"1081\">\n<div class=\"screen-reader-response\"><p role=\"status\" aria-live=\"polite\" aria-atomic=\"true\"><\/p> <ul><\/ul><\/div>\n<form action=\"\/fr\/wp-json\/wp\/v2\/pages\/3095#wpcf7-f1081-o1\" method=\"post\" class=\"wpcf7-form init\" aria-label=\"Modulo di contatto\" novalidate=\"novalidate\" data-status=\"init\">\n<fieldset class=\"hidden-fields-container\"><input type=\"hidden\" name=\"_wpcf7\" value=\"1081\" \/><input type=\"hidden\" name=\"_wpcf7_version\" value=\"6.1.5\" \/><input type=\"hidden\" name=\"_wpcf7_locale\" value=\"it_IT\" \/><input type=\"hidden\" name=\"_wpcf7_unit_tag\" value=\"wpcf7-f1081-o1\" \/><input type=\"hidden\" name=\"_wpcf7_container_post\" value=\"0\" \/><input type=\"hidden\" name=\"_wpcf7_posted_data_hash\" value=\"\" \/>\n<\/fieldset>\n<p><label> Nome e cognome (richiesto)<br \/>\n<span class=\"wpcf7-form-control-wrap\" data-name=\"your-name\"><input size=\"40\" maxlength=\"400\" class=\"wpcf7-form-control wpcf7-text wpcf7-validates-as-required\" aria-required=\"true\" aria-invalid=\"false\" value=\"\" type=\"text\" name=\"your-name\" \/><\/span> <\/label>\n<\/p>\n<p><label> Email (richiesto)<br \/>\n<span class=\"wpcf7-form-control-wrap\" data-name=\"your-email\"><input size=\"40\" maxlength=\"400\" class=\"wpcf7-form-control wpcf7-email wpcf7-validates-as-required wpcf7-text wpcf7-validates-as-email\" aria-required=\"true\" aria-invalid=\"false\" value=\"\" type=\"email\" name=\"your-email\" \/><\/span> <\/label>\n<\/p>\n<p><label> Quali sono le tue esigenze?<br \/>\n<span class=\"wpcf7-form-control-wrap\" data-name=\"your-message\"><textarea cols=\"40\" rows=\"10\" maxlength=\"2000\" class=\"wpcf7-form-control wpcf7-textarea\" aria-invalid=\"false\" name=\"your-message\"><\/textarea><\/span> <\/label>\n<\/p>\n<p>Scrivi questo codice nel campo sottostante: <input type=\"hidden\" name=\"_wpcf7_captcha_challenge_captcha-1\" value=\"3460493752\" \/><img loading=\"lazy\" decoding=\"async\" class=\"wpcf7-form-control wpcf7-captchac wpcf7-captcha-captcha-1\" width=\"72\" height=\"24\" alt=\"captcha\" src=\"https:\/\/www.edilaosta.it\/wp-content\/uploads\/wpcf7_captcha\/3460493752.png\" \/><br \/>\n<span class=\"wpcf7-form-control-wrap\" data-name=\"captcha-1\"><input size=\"4\" maxlength=\"4\" class=\"wpcf7-form-control wpcf7-captchar\" autocomplete=\"off\" aria-invalid=\"false\" value=\"\" type=\"text\" name=\"captcha-1\" \/><\/span>\n<\/p>\n<p><span class=\"wpcf7-form-control-wrap\" data-name=\"accept-this\"><span class=\"wpcf7-form-control wpcf7-acceptance\"><span class=\"wpcf7-list-item\"><input type=\"checkbox\" name=\"accept-this\" value=\"1\" aria-invalid=\"false\" \/><\/span><\/span><\/span>Confermo di aver letto <a href='\/privacy-policy' target='_blank'>l'informativa sulla privacy<\/a> e accetto il trattamento dei miei dati.\n<\/p>\n<p><input class=\"wpcf7-form-control wpcf7-submit has-spinner\" type=\"submit\" value=\"Invia la tua richiesta\" \/>\n<\/p><div class=\"wpcf7-response-output\" aria-hidden=\"true\"><\/div>\n<\/form>\n<\/div>\n[\/et_pb_code][\/et_pb_column][et_pb_column type=\u00a0\u00bb1_2&Prime; _builder_version=\u00a0\u00bb3.29.3&Prime; background_enable_color=\u00a0\u00bboff\u00a0\u00bb custom_padding=\u00a0\u00bb|50px||50px|true|true\u00a0\u00bb][et_pb_image src=\u00a0\u00bbhttps:\/\/www.edilaosta.it\/wp-content\/uploads\/2019\/07\/esperienza-edilaosta.png\u00a0\u00bb alt=\u00a0\u00bbEdilAosta &#8211; Vasi\u00a0\u00bb title_text=\u00a0\u00bbEdilAosta &#8211; Vasi\u00a0\u00bb _builder_version=\u00a0\u00bb3.29.3&Prime; custom_margin_tablet=\u00a0\u00bb50px||||false|false\u00a0\u00bb custom_margin_phone=\u00a0\u00bb\u00a0\u00bb custom_margin_last_edited=\u00a0\u00bbon|phone\u00a0\u00bb animation_style=\u00a0\u00bbslide\u00a0\u00bb animation_direction=\u00a0\u00bbtop\u00a0\u00bb]<br \/>\n[\/et_pb_image][et_pb_text _builder_version=\u00a0\u00bb3.29.3&Prime; custom_margin=\u00a0\u00bb35px||\u00a0\u00bb]<\/p>\n<h2 style=\"text-align: left;\">N\u2019h\u00e9sitez pas \u00e0 nous contacter<\/h2>\n<p>[\/et_pb_text][et_pb_text _builder_version=\u00a0\u00bb3.29.3&Prime; max_width=\u00a0\u00bb300px\u00a0\u00bb module_alignment=\u00a0\u00bbleft\u00a0\u00bb custom_margin=\u00a0\u00bb20px||20px||true|false\u00a0\u00bb]<\/p>\n<p style=\"text-align: left;\">Nos architectes et notre personnel qualifi\u00e9 sont \u00e0 votre disposition pour vous conseiller.\n<\/p>\n<p>[\/et_pb_text][et_pb_divider _builder_version=\u00a0\u00bb3.26.3&Prime; max_width=\u00a0\u00bb300px\u00a0\u00bb module_alignment=\u00a0\u00bbleft\u00a0\u00bb custom_margin=\u00a0\u00bb||10px\u00a0\u00bb locked=\u00a0\u00bboff\u00a0\u00bb]<br \/>\n[\/et_pb_divider][et_pb_code admin_label=\u00a0\u00bbBACK\u00a0\u00bb _builder_version=\u00a0\u00bb3.29.3&Prime; z_index_tablet=\u00a0\u00bb500&Prime; locked=\u00a0\u00bboff\u00a0\u00bb]<a>\u2039 BACK<\/a>[\/et_pb_code][\/et_pb_column][\/et_pb_row][\/et_pb_section]<\/p>\n","protected":false},"excerpt":{"rendered":"<p>EdilAostaNous fournissons aux particuliers, aux artisans, aux concepteurs et aux entreprises toutes les solutions pour la construction.L\u2019\u00e9quipe et notre histoireNous sommes un groupes d\u2019entrepreneurs en activit\u00e9 dans le secteur depuis les ann\u00e9es 50. Nous recherchons des mat\u00e9riaux innovateurs et de qualit\u00e9 afin de vous proposer les meilleures solutions pour r\u00e9aliser vos projets. Edilaosta est n\u00e9e [&hellip;]<\/p>\n","protected":false},"author":1,"featured_media":0,"parent":0,"menu_order":5,"comment_status":"closed","ping_status":"closed","template":"","meta":{"_et_pb_use_builder":"on","_et_pb_old_content":"","_et_gb_content_width":"","footnotes":""},"class_list":["post-3095","page","type-page","status-publish","hentry"],"yoast_head":"<!-- This site is optimized with the Yoast SEO plugin v27.3 - https:\/\/yoast.com\/product\/yoast-seo-wordpress\/ -->\n<title>Edilaosta - Vall\u00e9e d&#039;Aoste<\/title>\n<meta name=\"description\" content=\"Siamo un gruppo di imprenditori attivi nel settore sin dagli anni Cinquanta. Cerchiamo materiali innovativi e di qualit\u00e0 per proporti le migliori soluzioni.\" \/>\n<meta name=\"robots\" content=\"index, follow, max-snippet:-1, max-image-preview:large, max-video-preview:-1\" \/>\n<link rel=\"canonical\" href=\"https:\/\/www.edilaosta.it\/fr\/edilaosta\/\" \/>\n<meta property=\"og:locale\" content=\"fr_FR\" \/>\n<meta property=\"og:type\" content=\"article\" \/>\n<meta property=\"og:title\" content=\"Edilaosta - Vall\u00e9e d&#039;Aoste\" \/>\n<meta property=\"og:description\" content=\"Siamo un gruppo di imprenditori attivi nel settore sin dagli anni Cinquanta. Cerchiamo materiali innovativi e di qualit\u00e0 per proporti le migliori soluzioni.\" \/>\n<meta property=\"og:url\" content=\"https:\/\/www.edilaosta.it\/fr\/edilaosta\/\" \/>\n<meta property=\"og:site_name\" content=\"EdilAosta\" \/>\n<meta property=\"article:modified_time\" content=\"2022-03-29T06:37:36+00:00\" \/>\n<meta name=\"twitter:card\" content=\"summary_large_image\" \/>\n<meta name=\"twitter:label1\" content=\"Dur\u00e9e de lecture estim\u00e9e\" \/>\n\t<meta name=\"twitter:data1\" content=\"5 minutes\" \/>\n<script type=\"application\/ld+json\" class=\"yoast-schema-graph\">{\"@context\":\"https:\\\/\\\/schema.org\",\"@graph\":[{\"@type\":\"WebPage\",\"@id\":\"https:\\\/\\\/www.edilaosta.it\\\/fr\\\/edilaosta\\\/\",\"url\":\"https:\\\/\\\/www.edilaosta.it\\\/fr\\\/edilaosta\\\/\",\"name\":\"Edilaosta - Vall\u00e9e d'Aoste\",\"isPartOf\":{\"@id\":\"https:\\\/\\\/www.edilaosta.it\\\/fr\\\/#website\"},\"datePublished\":\"2020-03-27T17:14:06+00:00\",\"dateModified\":\"2022-03-29T06:37:36+00:00\",\"description\":\"Siamo un gruppo di imprenditori attivi nel settore sin dagli anni Cinquanta. Cerchiamo materiali innovativi e di qualit\u00e0 per proporti le migliori soluzioni.\",\"breadcrumb\":{\"@id\":\"https:\\\/\\\/www.edilaosta.it\\\/fr\\\/edilaosta\\\/#breadcrumb\"},\"inLanguage\":\"fr-FR\",\"potentialAction\":[{\"@type\":\"ReadAction\",\"target\":[\"https:\\\/\\\/www.edilaosta.it\\\/fr\\\/edilaosta\\\/\"]}]},{\"@type\":\"BreadcrumbList\",\"@id\":\"https:\\\/\\\/www.edilaosta.it\\\/fr\\\/edilaosta\\\/#breadcrumb\",\"itemListElement\":[{\"@type\":\"ListItem\",\"position\":1,\"name\":\"Home\",\"item\":\"https:\\\/\\\/www.edilaosta.it\\\/fr\\\/\"},{\"@type\":\"ListItem\",\"position\":2,\"name\":\"EdilAosta\"}]},{\"@type\":\"WebSite\",\"@id\":\"https:\\\/\\\/www.edilaosta.it\\\/fr\\\/#website\",\"url\":\"https:\\\/\\\/www.edilaosta.it\\\/fr\\\/\",\"name\":\"EdilAosta\",\"description\":\"Costruzioni in Valle d&#039;Aosta\",\"publisher\":{\"@id\":\"https:\\\/\\\/www.edilaosta.it\\\/fr\\\/#organization\"},\"potentialAction\":[{\"@type\":\"SearchAction\",\"target\":{\"@type\":\"EntryPoint\",\"urlTemplate\":\"https:\\\/\\\/www.edilaosta.it\\\/fr\\\/?s={search_term_string}\"},\"query-input\":{\"@type\":\"PropertyValueSpecification\",\"valueRequired\":true,\"valueName\":\"search_term_string\"}}],\"inLanguage\":\"fr-FR\"},{\"@type\":\"Organization\",\"@id\":\"https:\\\/\\\/www.edilaosta.it\\\/fr\\\/#organization\",\"name\":\"Edilaosta\",\"url\":\"https:\\\/\\\/www.edilaosta.it\\\/fr\\\/\",\"logo\":{\"@type\":\"ImageObject\",\"inLanguage\":\"fr-FR\",\"@id\":\"https:\\\/\\\/www.edilaosta.it\\\/fr\\\/#\\\/schema\\\/logo\\\/image\\\/\",\"url\":\"https:\\\/\\\/www.edilaosta.it\\\/wp-content\\\/uploads\\\/2019\\\/10\\\/logo-edilaosta-bigmat.png\",\"contentUrl\":\"https:\\\/\\\/www.edilaosta.it\\\/wp-content\\\/uploads\\\/2019\\\/10\\\/logo-edilaosta-bigmat.png\",\"width\":691,\"height\":185,\"caption\":\"Edilaosta\"},\"image\":{\"@id\":\"https:\\\/\\\/www.edilaosta.it\\\/fr\\\/#\\\/schema\\\/logo\\\/image\\\/\"}}]}<\/script>\n<!-- \/ Yoast SEO plugin. -->","yoast_head_json":{"title":"Edilaosta - Vall\u00e9e d'Aoste","description":"Siamo un gruppo di imprenditori attivi nel settore sin dagli anni Cinquanta. Cerchiamo materiali innovativi e di qualit\u00e0 per proporti le migliori soluzioni.","robots":{"index":"index","follow":"follow","max-snippet":"max-snippet:-1","max-image-preview":"max-image-preview:large","max-video-preview":"max-video-preview:-1"},"canonical":"https:\/\/www.edilaosta.it\/fr\/edilaosta\/","og_locale":"fr_FR","og_type":"article","og_title":"Edilaosta - Vall\u00e9e d'Aoste","og_description":"Siamo un gruppo di imprenditori attivi nel settore sin dagli anni Cinquanta. Cerchiamo materiali innovativi e di qualit\u00e0 per proporti le migliori soluzioni.","og_url":"https:\/\/www.edilaosta.it\/fr\/edilaosta\/","og_site_name":"EdilAosta","article_modified_time":"2022-03-29T06:37:36+00:00","twitter_card":"summary_large_image","twitter_misc":{"Dur\u00e9e de lecture estim\u00e9e":"5 minutes"},"schema":{"@context":"https:\/\/schema.org","@graph":[{"@type":"WebPage","@id":"https:\/\/www.edilaosta.it\/fr\/edilaosta\/","url":"https:\/\/www.edilaosta.it\/fr\/edilaosta\/","name":"Edilaosta - Vall\u00e9e d'Aoste","isPartOf":{"@id":"https:\/\/www.edilaosta.it\/fr\/#website"},"datePublished":"2020-03-27T17:14:06+00:00","dateModified":"2022-03-29T06:37:36+00:00","description":"Siamo un gruppo di imprenditori attivi nel settore sin dagli anni Cinquanta. Cerchiamo materiali innovativi e di qualit\u00e0 per proporti le migliori soluzioni.","breadcrumb":{"@id":"https:\/\/www.edilaosta.it\/fr\/edilaosta\/#breadcrumb"},"inLanguage":"fr-FR","potentialAction":[{"@type":"ReadAction","target":["https:\/\/www.edilaosta.it\/fr\/edilaosta\/"]}]},{"@type":"BreadcrumbList","@id":"https:\/\/www.edilaosta.it\/fr\/edilaosta\/#breadcrumb","itemListElement":[{"@type":"ListItem","position":1,"name":"Home","item":"https:\/\/www.edilaosta.it\/fr\/"},{"@type":"ListItem","position":2,"name":"EdilAosta"}]},{"@type":"WebSite","@id":"https:\/\/www.edilaosta.it\/fr\/#website","url":"https:\/\/www.edilaosta.it\/fr\/","name":"EdilAosta","description":"Costruzioni in Valle d&#039;Aosta","publisher":{"@id":"https:\/\/www.edilaosta.it\/fr\/#organization"},"potentialAction":[{"@type":"SearchAction","target":{"@type":"EntryPoint","urlTemplate":"https:\/\/www.edilaosta.it\/fr\/?s={search_term_string}"},"query-input":{"@type":"PropertyValueSpecification","valueRequired":true,"valueName":"search_term_string"}}],"inLanguage":"fr-FR"},{"@type":"Organization","@id":"https:\/\/www.edilaosta.it\/fr\/#organization","name":"Edilaosta","url":"https:\/\/www.edilaosta.it\/fr\/","logo":{"@type":"ImageObject","inLanguage":"fr-FR","@id":"https:\/\/www.edilaosta.it\/fr\/#\/schema\/logo\/image\/","url":"https:\/\/www.edilaosta.it\/wp-content\/uploads\/2019\/10\/logo-edilaosta-bigmat.png","contentUrl":"https:\/\/www.edilaosta.it\/wp-content\/uploads\/2019\/10\/logo-edilaosta-bigmat.png","width":691,"height":185,"caption":"Edilaosta"},"image":{"@id":"https:\/\/www.edilaosta.it\/fr\/#\/schema\/logo\/image\/"}}]}},"_links":{"self":[{"href":"https:\/\/www.edilaosta.it\/fr\/wp-json\/wp\/v2\/pages\/3095","targetHints":{"allow":["GET"]}}],"collection":[{"href":"https:\/\/www.edilaosta.it\/fr\/wp-json\/wp\/v2\/pages"}],"about":[{"href":"https:\/\/www.edilaosta.it\/fr\/wp-json\/wp\/v2\/types\/page"}],"author":[{"embeddable":true,"href":"https:\/\/www.edilaosta.it\/fr\/wp-json\/wp\/v2\/users\/1"}],"replies":[{"embeddable":true,"href":"https:\/\/www.edilaosta.it\/fr\/wp-json\/wp\/v2\/comments?post=3095"}],"version-history":[{"count":4,"href":"https:\/\/www.edilaosta.it\/fr\/wp-json\/wp\/v2\/pages\/3095\/revisions"}],"predecessor-version":[{"id":3496,"href":"https:\/\/www.edilaosta.it\/fr\/wp-json\/wp\/v2\/pages\/3095\/revisions\/3496"}],"wp:attachment":[{"href":"https:\/\/www.edilaosta.it\/fr\/wp-json\/wp\/v2\/media?parent=3095"}],"curies":[{"name":"wp","href":"https:\/\/api.w.org\/{rel}","templated":true}]}}