{"id":2405,"date":"2020-03-25T11:48:17","date_gmt":"2020-03-25T10:48:17","guid":{"rendered":"https:\/\/www.edilaosta.it\/cookies\/"},"modified":"2020-03-25T11:48:17","modified_gmt":"2020-03-25T10:48:17","slug":"cookies","status":"publish","type":"page","link":"https:\/\/www.edilaosta.it\/fr\/cookies\/","title":{"rendered":"Cookies"},"content":{"rendered":"<p>[et_pb_section fb_built=\u00a0\u00bb1&Prime; _builder_version=\u00a0\u00bb4.0.7&Prime;][et_pb_row _builder_version=\u00a0\u00bb4.0.7&Prime;][et_pb_column _builder_version=\u00a0\u00bb4.0.7&Prime; type=\u00a0\u00bb4_4&Prime;][et_pb_text _builder_version=\u00a0\u00bb4.0.7&Prime; hover_enabled=\u00a0\u00bb0&Prime;]<\/p>\n<div class=\"et_pb_module et_pb_text et_pb_text_1 et_pb_bg_layout_light  et_pb_text_align_left\">\n<div class=\"et_pb_text_inner\">\n<p>Ce document explique ce que sont les cookies et quels sont les diff\u00e9rents types utilis\u00e9s dans notre site Web.<\/p>\n<h3>Que sont les cookies\u00a0?<\/h3>\n<p>Un cookie est une simple fichier de texte m\u00e9moris\u00e9 dans l\u2019ordinateur, ou autre dispositif mobile, de l\u2019utilisateur du serveur d\u2019un site internet, pouvant \u00eatre lu ou r\u00e9cup\u00e9r\u00e9 par le serveur lui-m\u00eame. Il renferme des informations et permet au site web de garder en m\u00e9moire, par exemple, les pr\u00e9f\u00e9rences de l\u2019usager. La Directive sur les Communications Electroniques et les Dispositions du Garant sur la Confidentialit\u00e9 n\u00b0 229 du 8 mai 2014 en mati\u00e8re de \u00ab\u00a0D\u00e9tection des modalit\u00e9s de simplification pour l\u2019informatique et l\u2019acquisition du consentement pour l\u2019utilisation des cookies\u00a0\u00bb pr\u00e9voient que l\u2019utilisation des cookies ne peut \u00eatre admise qu\u2019avec le consentement de l\u2019usager.<\/p>\n<h3>Est-ce que nous utilisons des cookies dans notre site Web\u00a0?<\/h3>\n<p>Oui. Les cookies sont utilis\u00e9s pour am\u00e9liorer un site Wb et pour fournir aux usagers services et fonctions. Vous pouvez limiter ou d\u00e9sactiver l\u2019utilisation des cookies par l\u2019interm\u00e9diaire de votre navigateur Web\u00a0; cependant, certaines fonctions du site Web pourraient alors devenir inaccessibles.<\/p>\n<h3>Pourquoi utilisons-nous des cookies\u00a0?<\/h3>\n<p>Les cookies sont utilis\u00e9s pour diff\u00e9rentes raisons. Dans certains parties de notre site ils sont en effet essentiels et, sans eux, on ne serait pas en mesure, par exemple, de naviguer correctement dans le site ou de feuilleter les listes. Nous sommes toujours \u00e0 la recherche de moyens pour am\u00e9liorer notre site internet et pour diffuser la connaissance de nos services. C\u2019est pour cela qu\u2019il est important pour nous de comprendre comment notre site est utilis\u00e9. Les cookies nous aident aussi \u00e0 fournir une plus grande et riche exp\u00e9rience\u00a0: pour quelque chose d\u2019int\u00e9ressant, on pourrait mettre le \u00ab\u00a0J\u2019aime\u00a0\u00bb sur Facebook, ou le twitter (les cookies facilitent ce genre d\u2019op\u00e9rations).<\/p>\n<h3>Quels types de cookies sont utilis\u00e9s sur notre site Web\u00a0?<\/h3>\n<p>Cookies techniques<br \/>\nIls sont utilis\u00e9s dans le seul but d\u2019effectuer la transmission d\u2019une communication sur un r\u00e9seau de communication \u00e9lectronique, ou bien dans la mesure strictement n\u00e9cessaire au fournisseur d\u2019un service de la soci\u00e9t\u00e9 de l\u2019information explicitement demand\u00e9 par l\u2019abonn\u00e9 ou l\u2019usager pour l\u2019octroi de ce service\u00a0\u00bb (cf. Art 122, 1er alin\u00e9a 1, du Code de Confidentialit\u00e9).<\/p>\n<p>Ils ne sont pas utilis\u00e9s \u00e0 d\u2019autres fins et sont normalement install\u00e9s directement par le titulaire ou le g\u00e9rant du site Web. Ces cookies peuvent \u00eatre ainsi divis\u00e9s\u00a0:<\/p>\n<p>Cookie de performances<br \/>\nIls sont utilis\u00e9s pour enregistrer des donn\u00e9es utiles \u00e0 la normale navigation et \u00e0 l\u2019utilisation du site Web sur l\u2019ordinateur de l\u2019usager (en permettant, par exemple, de garder en m\u00e9moire la dimension pr\u00e9f\u00e9r\u00e9e de la page d\u2019une liste). Ces cookies peuvent \u00eatre encore ult\u00e9rieurement divis\u00e9s suivant leur permanence dans l\u2019ordinateur de l\u2019usager\u00a0: ceux qui s\u2019effacent automatiquement apr\u00e8s la fin de chaque navigation sont appel\u00e9s cookies de session. Si, au contraire, ils ont une dur\u00e9e plus longue, on parle de cookie permanents.<\/p>\n<p>Cookies fonctionnels<br \/>\nCes cookies permettent au site Web de m\u00e9moriser les choix de l\u2019usager afin d\u2019optimiser les fonctionnalit\u00e9s. Les cookies fonctionnels permettent par exemple au site Web de m\u00e9moriser les configurations sp\u00e9cifiques d\u2019un usager telles que la s\u00e9lection du pays et, si celui-ci est configur\u00e9, l\u2019\u00e9tat d\u2019acc\u00e8s permanent.<\/p>\n<p>Cookies analytiques<br \/>\nCes cookies permettent de recueillir des donn\u00e9es sur l\u2019utilisation du site Web par un usager, y compris les \u00e9l\u00e9ments cliqu\u00e9s durant la navigation, ceci afin d\u2019am\u00e9liorer les prestations et le design du site. Ils pourraient \u00eatre partag\u00e9s avec nos fournisseurs d\u2019instruments d\u2019analyse tiers. Ils sont cependant exclusivement utilis\u00e9s pour les finalit\u00e9s li\u00e9es \u00e0 notre site Web.<\/p>\n<p>Cookies tiers<br \/>\nCes cookies sont li\u00e9s aux services fournis par des tierces parties comme, par exemple, le \u00ab\u00a0J\u2019aime\u00a0\u00bb et le \u00ab\u00a0Je partage\u00a0\u00bb et contr\u00f4lent l\u2019efficacit\u00e9 de la publicit\u00e9. Le sujet tiers fournit ces services en \u00e9change de renseignements sur la visite d\u2019un usager \u00e0 notre site. Il en d\u00e9rive, pour les fournisseurs tiers de cookies aussi, l\u2019obligation de respecter les normes en la mati\u00e8re. C\u2019est pourquoi nous renvoyons aux liens des pages Web des sites des tierces parties, dans lesquels l\u2019usager pourra trouver les formulaires de r\u00e9colte du consentement sur les cookies et leur relative information \u00e0 ce sujet. Dans le cas o\u00f9 les services sont fournis par des contacts indirects avec des tierces parties, l\u2019usager devra consulter les sites des sujets servant d\u2019interm\u00e9diaires entre nous et ces tierces parties.<\/p>\n<p>Aucun cookie tiers n\u2019est pr\u00e9sent dans notre site.<\/p>\n<h3>Comment d\u00e9sactiver ou supprimer les cookies<\/h3>\n<p>La plus grande partie des navigateurs acceptent automatiquement les cookies mais vous pouvez, quant \u00e0 vous, aussi choisir de ne pas les accepter. Nous ne conseillons pas ce dernier choix en raison du fait que cela pourrait nuire \u00e0 la normale navigation et vous emp\u00eacher de disposer de toutes les fonctionnalit\u00e9s du site. Si vous ne d\u00e9sirez pas que votre ordinateur re\u00e7oive et m\u00e9morise des cookies, vous pouvez toujours modifier les configurations de s\u00e9curit\u00e9 de votre navigateur (Internet Explorer, Google Chrome, Safari, etc.). Notez bien, cependant, que certaines parties de notre site peuvent \u00eatre enti\u00e8rement disponibles seulement si votre navigateur accepte les cookies\u00a0; dans le cas contraire, vous ne serez pas en mesure, par exemple, d\u2019acc\u00e9der \u00e0 l\u2019aire r\u00e9serv\u00e9e. Par cons\u00e9quent, votre choix de supprimer et de ne pas accepter de cookies pourra influencer de mani\u00e8re n\u00e9gative votre permanence sur notre site. Si vous d\u00e9sirez modifier les configurations de vos cookies, en entrant dans les configurations des diff\u00e9rents navigateurs, nous vous reportons ci-apr\u00e8s de br\u00e8ves instructions sur comment effectuer cette op\u00e9ration sur les navigateurs les plus r\u00e9pandus.<\/p>\n<p>&nbsp;<\/p>\n<ul>\n<li><a title=\"Internet Explorer - Attivazione e disattivazione dei cookie\" href=\"http:\/\/windows.microsoft.com\/it-it\/windows7\/block-enable-or-allow-cookies\">Windows Internet Explorer<\/a><\/li>\n<li><a title=\"Google Chrome - Attivazione e disattivazione dei cookie\" href=\"https:\/\/support.google.com\/accounts\/answer\/61416?hl=it\">Google Chrome<\/a><\/li>\n<li><a title=\"Mozilla Firefox - Attivazione e disattivazione dei cookie\" href=\"https:\/\/support.mozilla.org\/it\/kb\/Attivare%20e%20disattivare%20i%20cookie\">Mozilla Firefox<\/a><\/li>\n<li><a title=\"Apple Safari - Attivazione e disattivazione dei cookie\" href=\"https:\/\/support.apple.com\/it-it\/HT201265\">Apple Safari<\/a><\/li>\n<li><a title=\"Opera - Attivazione e disattivazione dei cookie\" href=\"http:\/\/help.opera.com\/Windows\/10.00\/it\/cookies.html\">Opera<\/a><\/li>\n<\/ul>\n<\/div>\n<\/div>\n<p>[\/et_pb_text][\/et_pb_column][\/et_pb_row][\/et_pb_section]<\/p>\n","protected":false},"excerpt":{"rendered":"<p>Ce document explique ce que sont les cookies et quels sont les diff\u00e9rents types utilis\u00e9s dans notre site Web. Que sont les cookies\u00a0? Un cookie est une simple fichier de texte m\u00e9moris\u00e9 dans l\u2019ordinateur, ou autre dispositif mobile, de l\u2019utilisateur du serveur d\u2019un site internet, pouvant \u00eatre lu ou r\u00e9cup\u00e9r\u00e9 par le serveur lui-m\u00eame. Il [&hellip;]<\/p>\n","protected":false},"author":2,"featured_media":0,"parent":0,"menu_order":0,"comment_status":"closed","ping_status":"closed","template":"","meta":{"_et_pb_use_builder":"on","_et_pb_old_content":"","_et_gb_content_width":"","footnotes":""},"class_list":["post-2405","page","type-page","status-publish","hentry"],"yoast_head":"<!-- This site is optimized with the Yoast SEO plugin v27.3 - https:\/\/yoast.com\/product\/yoast-seo-wordpress\/ -->\n<title>Cookies - EdilAosta<\/title>\n<meta name=\"robots\" content=\"index, follow, max-snippet:-1, max-image-preview:large, max-video-preview:-1\" \/>\n<link rel=\"canonical\" href=\"https:\/\/www.edilaosta.it\/fr\/cookies\/\" \/>\n<meta property=\"og:locale\" content=\"fr_FR\" \/>\n<meta property=\"og:type\" content=\"article\" \/>\n<meta property=\"og:title\" content=\"Cookies - EdilAosta\" \/>\n<meta property=\"og:description\" content=\"Ce document explique ce que sont les cookies et quels sont les diff\u00e9rents types utilis\u00e9s dans notre site Web. Que sont les cookies\u00a0? Un cookie est une simple fichier de texte m\u00e9moris\u00e9 dans l\u2019ordinateur, ou autre dispositif mobile, de l\u2019utilisateur du serveur d\u2019un site internet, pouvant \u00eatre lu ou r\u00e9cup\u00e9r\u00e9 par le serveur lui-m\u00eame. Il [&hellip;]\" \/>\n<meta property=\"og:url\" content=\"https:\/\/www.edilaosta.it\/fr\/cookies\/\" \/>\n<meta property=\"og:site_name\" content=\"EdilAosta\" \/>\n<meta name=\"twitter:card\" content=\"summary_large_image\" \/>\n<meta name=\"twitter:label1\" content=\"Dur\u00e9e de lecture estim\u00e9e\" \/>\n\t<meta name=\"twitter:data1\" content=\"5 minutes\" \/>\n<script type=\"application\/ld+json\" class=\"yoast-schema-graph\">{\"@context\":\"https:\\\/\\\/schema.org\",\"@graph\":[{\"@type\":\"WebPage\",\"@id\":\"https:\\\/\\\/www.edilaosta.it\\\/fr\\\/cookies\\\/\",\"url\":\"https:\\\/\\\/www.edilaosta.it\\\/fr\\\/cookies\\\/\",\"name\":\"Cookies - EdilAosta\",\"isPartOf\":{\"@id\":\"https:\\\/\\\/www.edilaosta.it\\\/fr\\\/#website\"},\"datePublished\":\"2020-03-25T10:48:17+00:00\",\"breadcrumb\":{\"@id\":\"https:\\\/\\\/www.edilaosta.it\\\/fr\\\/cookies\\\/#breadcrumb\"},\"inLanguage\":\"fr-FR\",\"potentialAction\":[{\"@type\":\"ReadAction\",\"target\":[\"https:\\\/\\\/www.edilaosta.it\\\/fr\\\/cookies\\\/\"]}]},{\"@type\":\"BreadcrumbList\",\"@id\":\"https:\\\/\\\/www.edilaosta.it\\\/fr\\\/cookies\\\/#breadcrumb\",\"itemListElement\":[{\"@type\":\"ListItem\",\"position\":1,\"name\":\"Home\",\"item\":\"https:\\\/\\\/www.edilaosta.it\\\/fr\\\/\"},{\"@type\":\"ListItem\",\"position\":2,\"name\":\"Cookies\"}]},{\"@type\":\"WebSite\",\"@id\":\"https:\\\/\\\/www.edilaosta.it\\\/fr\\\/#website\",\"url\":\"https:\\\/\\\/www.edilaosta.it\\\/fr\\\/\",\"name\":\"EdilAosta\",\"description\":\"Costruzioni in Valle d&#039;Aosta\",\"publisher\":{\"@id\":\"https:\\\/\\\/www.edilaosta.it\\\/fr\\\/#organization\"},\"potentialAction\":[{\"@type\":\"SearchAction\",\"target\":{\"@type\":\"EntryPoint\",\"urlTemplate\":\"https:\\\/\\\/www.edilaosta.it\\\/fr\\\/?s={search_term_string}\"},\"query-input\":{\"@type\":\"PropertyValueSpecification\",\"valueRequired\":true,\"valueName\":\"search_term_string\"}}],\"inLanguage\":\"fr-FR\"},{\"@type\":\"Organization\",\"@id\":\"https:\\\/\\\/www.edilaosta.it\\\/fr\\\/#organization\",\"name\":\"Edilaosta\",\"url\":\"https:\\\/\\\/www.edilaosta.it\\\/fr\\\/\",\"logo\":{\"@type\":\"ImageObject\",\"inLanguage\":\"fr-FR\",\"@id\":\"https:\\\/\\\/www.edilaosta.it\\\/fr\\\/#\\\/schema\\\/logo\\\/image\\\/\",\"url\":\"https:\\\/\\\/www.edilaosta.it\\\/wp-content\\\/uploads\\\/2019\\\/10\\\/logo-edilaosta-bigmat.png\",\"contentUrl\":\"https:\\\/\\\/www.edilaosta.it\\\/wp-content\\\/uploads\\\/2019\\\/10\\\/logo-edilaosta-bigmat.png\",\"width\":691,\"height\":185,\"caption\":\"Edilaosta\"},\"image\":{\"@id\":\"https:\\\/\\\/www.edilaosta.it\\\/fr\\\/#\\\/schema\\\/logo\\\/image\\\/\"}}]}<\/script>\n<!-- \/ Yoast SEO plugin. -->","yoast_head_json":{"title":"Cookies - EdilAosta","robots":{"index":"index","follow":"follow","max-snippet":"max-snippet:-1","max-image-preview":"max-image-preview:large","max-video-preview":"max-video-preview:-1"},"canonical":"https:\/\/www.edilaosta.it\/fr\/cookies\/","og_locale":"fr_FR","og_type":"article","og_title":"Cookies - EdilAosta","og_description":"Ce document explique ce que sont les cookies et quels sont les diff\u00e9rents types utilis\u00e9s dans notre site Web. Que sont les cookies\u00a0? Un cookie est une simple fichier de texte m\u00e9moris\u00e9 dans l\u2019ordinateur, ou autre dispositif mobile, de l\u2019utilisateur du serveur d\u2019un site internet, pouvant \u00eatre lu ou r\u00e9cup\u00e9r\u00e9 par le serveur lui-m\u00eame. Il [&hellip;]","og_url":"https:\/\/www.edilaosta.it\/fr\/cookies\/","og_site_name":"EdilAosta","twitter_card":"summary_large_image","twitter_misc":{"Dur\u00e9e de lecture estim\u00e9e":"5 minutes"},"schema":{"@context":"https:\/\/schema.org","@graph":[{"@type":"WebPage","@id":"https:\/\/www.edilaosta.it\/fr\/cookies\/","url":"https:\/\/www.edilaosta.it\/fr\/cookies\/","name":"Cookies - EdilAosta","isPartOf":{"@id":"https:\/\/www.edilaosta.it\/fr\/#website"},"datePublished":"2020-03-25T10:48:17+00:00","breadcrumb":{"@id":"https:\/\/www.edilaosta.it\/fr\/cookies\/#breadcrumb"},"inLanguage":"fr-FR","potentialAction":[{"@type":"ReadAction","target":["https:\/\/www.edilaosta.it\/fr\/cookies\/"]}]},{"@type":"BreadcrumbList","@id":"https:\/\/www.edilaosta.it\/fr\/cookies\/#breadcrumb","itemListElement":[{"@type":"ListItem","position":1,"name":"Home","item":"https:\/\/www.edilaosta.it\/fr\/"},{"@type":"ListItem","position":2,"name":"Cookies"}]},{"@type":"WebSite","@id":"https:\/\/www.edilaosta.it\/fr\/#website","url":"https:\/\/www.edilaosta.it\/fr\/","name":"EdilAosta","description":"Costruzioni in Valle d&#039;Aosta","publisher":{"@id":"https:\/\/www.edilaosta.it\/fr\/#organization"},"potentialAction":[{"@type":"SearchAction","target":{"@type":"EntryPoint","urlTemplate":"https:\/\/www.edilaosta.it\/fr\/?s={search_term_string}"},"query-input":{"@type":"PropertyValueSpecification","valueRequired":true,"valueName":"search_term_string"}}],"inLanguage":"fr-FR"},{"@type":"Organization","@id":"https:\/\/www.edilaosta.it\/fr\/#organization","name":"Edilaosta","url":"https:\/\/www.edilaosta.it\/fr\/","logo":{"@type":"ImageObject","inLanguage":"fr-FR","@id":"https:\/\/www.edilaosta.it\/fr\/#\/schema\/logo\/image\/","url":"https:\/\/www.edilaosta.it\/wp-content\/uploads\/2019\/10\/logo-edilaosta-bigmat.png","contentUrl":"https:\/\/www.edilaosta.it\/wp-content\/uploads\/2019\/10\/logo-edilaosta-bigmat.png","width":691,"height":185,"caption":"Edilaosta"},"image":{"@id":"https:\/\/www.edilaosta.it\/fr\/#\/schema\/logo\/image\/"}}]}},"_links":{"self":[{"href":"https:\/\/www.edilaosta.it\/fr\/wp-json\/wp\/v2\/pages\/2405","targetHints":{"allow":["GET"]}}],"collection":[{"href":"https:\/\/www.edilaosta.it\/fr\/wp-json\/wp\/v2\/pages"}],"about":[{"href":"https:\/\/www.edilaosta.it\/fr\/wp-json\/wp\/v2\/types\/page"}],"author":[{"embeddable":true,"href":"https:\/\/www.edilaosta.it\/fr\/wp-json\/wp\/v2\/users\/2"}],"replies":[{"embeddable":true,"href":"https:\/\/www.edilaosta.it\/fr\/wp-json\/wp\/v2\/comments?post=2405"}],"version-history":[{"count":1,"href":"https:\/\/www.edilaosta.it\/fr\/wp-json\/wp\/v2\/pages\/2405\/revisions"}],"predecessor-version":[{"id":2406,"href":"https:\/\/www.edilaosta.it\/fr\/wp-json\/wp\/v2\/pages\/2405\/revisions\/2406"}],"wp:attachment":[{"href":"https:\/\/www.edilaosta.it\/fr\/wp-json\/wp\/v2\/media?parent=2405"}],"curies":[{"name":"wp","href":"https:\/\/api.w.org\/{rel}","templated":true}]}}